{"id":3541,"date":"2021-04-08T11:22:54","date_gmt":"2021-04-08T09:22:54","guid":{"rendered":"https:\/\/westerwelle-foundation.com\/?page_id=3541"},"modified":"2026-03-04T13:30:21","modified_gmt":"2026-03-04T13:30:21","slug":"young-founders-program","status":"publish","type":"page","link":"https:\/\/westerwelle-foundation.com\/de\/programmes\/young-founders-program\/","title":{"rendered":"Young Founders-Programm"},"content":{"rendered":"","protected":false},"excerpt":{"rendered":"<p>Beim Young Founders Programm handelt es sich um ein internationales Stipendienprogramm f\u00fcr herausragende Jungunternehmer aus Schwellenl\u00e4ndern. Erfolgreiche Unternehmer aus der ganzen Welt, die allesamt gro\u00dfe Ziele vor Augen haben, kommen hier zusammen.<\/p>\n","protected":false},"author":1,"featured_media":0,"parent":3409,"menu_order":0,"comment_status":"closed","ping_status":"closed","template":"","meta":{"footnotes":""},"class_list":["post-3541","page","type-page","status-publish","hentry"],"yoast_head":"<!-- This site is optimized with the Yoast SEO plugin v27.1.1 - https:\/\/yoast.com\/product\/yoast-seo-wordpress\/ -->\n<title>Westerwelle Foundation - Young Founders-Programm<\/title>\n<meta name=\"description\" content=\"Beim Young Founders Programm handelt es sich um ein internationales Stipendienprogramm f\u00fcr herausragende Jungunternehmer aus Schwellenl\u00e4ndern. Erfolgreiche Unternehmer aus der ganzen Welt, die allesamt gro\u00dfe Ziele vor Augen haben, kommen hier zusammen.\" \/>\n<meta name=\"robots\" content=\"index, follow, max-snippet:-1, max-image-preview:large, max-video-preview:-1\" \/>\n<link rel=\"canonical\" href=\"https:\/\/westerwelle-foundation.com\/de\/programmes\/young-founders-program\/\" \/>\n<meta property=\"og:locale\" content=\"de_DE\" \/>\n<meta property=\"og:type\" content=\"article\" \/>\n<meta property=\"og:title\" content=\"Westerwelle Foundation - Young Founders-Programm\" \/>\n<meta property=\"og:description\" content=\"Beim Young Founders Programm handelt es sich um ein internationales Stipendienprogramm f\u00fcr herausragende Jungunternehmer aus Schwellenl\u00e4ndern. Erfolgreiche Unternehmer aus der ganzen Welt, die allesamt gro\u00dfe Ziele vor Augen haben, kommen hier zusammen.\" \/>\n<meta property=\"og:url\" content=\"https:\/\/westerwelle-foundation.com\/de\/programmes\/young-founders-program\/\" \/>\n<meta property=\"og:site_name\" content=\"Westerwelle Foundation\" \/>\n<meta property=\"article:modified_time\" content=\"2026-03-04T13:30:21+00:00\" \/>\n<meta name=\"twitter:card\" content=\"summary_large_image\" \/>\n<script type=\"application\/ld+json\" class=\"yoast-schema-graph\">{\"@context\":\"https:\/\/schema.org\",\"@graph\":[{\"@type\":\"WebPage\",\"@id\":\"https:\/\/westerwelle-foundation.com\/de\/programmes\/young-founders-program\/\",\"url\":\"https:\/\/westerwelle-foundation.com\/de\/programmes\/young-founders-program\/\",\"name\":\"Westerwelle Foundation - Young Founders-Programm\",\"isPartOf\":{\"@id\":\"https:\/\/westerwelle-foundation.com\/de\/#website\"},\"datePublished\":\"2021-04-08T09:22:54+00:00\",\"dateModified\":\"2026-03-04T13:30:21+00:00\",\"description\":\"Beim Young Founders Programm handelt es sich um ein internationales Stipendienprogramm f\u00fcr herausragende Jungunternehmer aus Schwellenl\u00e4ndern. Erfolgreiche Unternehmer aus der ganzen Welt, die allesamt gro\u00dfe Ziele vor Augen haben, kommen hier zusammen.\",\"breadcrumb\":{\"@id\":\"https:\/\/westerwelle-foundation.com\/de\/programmes\/young-founders-program\/#breadcrumb\"},\"inLanguage\":\"de\",\"potentialAction\":[{\"@type\":\"ReadAction\",\"target\":[\"https:\/\/westerwelle-foundation.com\/de\/programmes\/young-founders-program\/\"]}]},{\"@type\":\"BreadcrumbList\",\"@id\":\"https:\/\/westerwelle-foundation.com\/de\/programmes\/young-founders-program\/#breadcrumb\",\"itemListElement\":[{\"@type\":\"ListItem\",\"position\":1,\"name\":\"Home\",\"item\":\"https:\/\/westerwelle-foundation.com\/de\/\"},{\"@type\":\"ListItem\",\"position\":2,\"name\":\"Programme\",\"item\":\"https:\/\/westerwelle-foundation.com\/de\/programmes\/\"},{\"@type\":\"ListItem\",\"position\":3,\"name\":\"Young Founders-Programm\"}]},{\"@type\":\"WebSite\",\"@id\":\"https:\/\/westerwelle-foundation.com\/de\/#website\",\"url\":\"https:\/\/westerwelle-foundation.com\/de\/\",\"name\":\"Westerwelle Foundation\",\"description\":\"For International Understanding\",\"publisher\":{\"@id\":\"https:\/\/westerwelle-foundation.com\/de\/#organization\"},\"potentialAction\":[{\"@type\":\"SearchAction\",\"target\":{\"@type\":\"EntryPoint\",\"urlTemplate\":\"https:\/\/westerwelle-foundation.com\/de\/?s={search_term_string}\"},\"query-input\":{\"@type\":\"PropertyValueSpecification\",\"valueRequired\":true,\"valueName\":\"search_term_string\"}}],\"inLanguage\":\"de\"},{\"@type\":\"Organization\",\"@id\":\"https:\/\/westerwelle-foundation.com\/de\/#organization\",\"name\":\"Westerwelle Foundation\",\"url\":\"https:\/\/westerwelle-foundation.com\/de\/\",\"logo\":{\"@type\":\"ImageObject\",\"inLanguage\":\"de\",\"@id\":\"https:\/\/westerwelle-foundation.com\/de\/#\/schema\/logo\/image\/\",\"url\":\"https:\/\/westerwelle-foundation.com\/de\/wp-content\/uploads\/sites\/2\/2021\/03\/WW-Foundation-Logo_RGB_E.png\",\"contentUrl\":\"https:\/\/westerwelle-foundation.com\/de\/wp-content\/uploads\/sites\/2\/2021\/03\/WW-Foundation-Logo_RGB_E.png\",\"width\":1250,\"height\":500,\"caption\":\"Westerwelle Foundation\"},\"image\":{\"@id\":\"https:\/\/westerwelle-foundation.com\/de\/#\/schema\/logo\/image\/\"}}]}<\/script>\n<!-- \/ Yoast SEO plugin. -->","yoast_head_json":{"title":"Westerwelle Foundation - Young Founders-Programm","description":"Beim Young Founders Programm handelt es sich um ein internationales Stipendienprogramm f\u00fcr herausragende Jungunternehmer aus Schwellenl\u00e4ndern. Erfolgreiche Unternehmer aus der ganzen Welt, die allesamt gro\u00dfe Ziele vor Augen haben, kommen hier zusammen.","robots":{"index":"index","follow":"follow","max-snippet":"max-snippet:-1","max-image-preview":"max-image-preview:large","max-video-preview":"max-video-preview:-1"},"canonical":"https:\/\/westerwelle-foundation.com\/de\/programmes\/young-founders-program\/","og_locale":"de_DE","og_type":"article","og_title":"Westerwelle Foundation - Young Founders-Programm","og_description":"Beim Young Founders Programm handelt es sich um ein internationales Stipendienprogramm f\u00fcr herausragende Jungunternehmer aus Schwellenl\u00e4ndern. Erfolgreiche Unternehmer aus der ganzen Welt, die allesamt gro\u00dfe Ziele vor Augen haben, kommen hier zusammen.","og_url":"https:\/\/westerwelle-foundation.com\/de\/programmes\/young-founders-program\/","og_site_name":"Westerwelle Foundation","article_modified_time":"2026-03-04T13:30:21+00:00","twitter_card":"summary_large_image","schema":{"@context":"https:\/\/schema.org","@graph":[{"@type":"WebPage","@id":"https:\/\/westerwelle-foundation.com\/de\/programmes\/young-founders-program\/","url":"https:\/\/westerwelle-foundation.com\/de\/programmes\/young-founders-program\/","name":"Westerwelle Foundation - Young Founders-Programm","isPartOf":{"@id":"https:\/\/westerwelle-foundation.com\/de\/#website"},"datePublished":"2021-04-08T09:22:54+00:00","dateModified":"2026-03-04T13:30:21+00:00","description":"Beim Young Founders Programm handelt es sich um ein internationales Stipendienprogramm f\u00fcr herausragende Jungunternehmer aus Schwellenl\u00e4ndern. Erfolgreiche Unternehmer aus der ganzen Welt, die allesamt gro\u00dfe Ziele vor Augen haben, kommen hier zusammen.","breadcrumb":{"@id":"https:\/\/westerwelle-foundation.com\/de\/programmes\/young-founders-program\/#breadcrumb"},"inLanguage":"de","potentialAction":[{"@type":"ReadAction","target":["https:\/\/westerwelle-foundation.com\/de\/programmes\/young-founders-program\/"]}]},{"@type":"BreadcrumbList","@id":"https:\/\/westerwelle-foundation.com\/de\/programmes\/young-founders-program\/#breadcrumb","itemListElement":[{"@type":"ListItem","position":1,"name":"Home","item":"https:\/\/westerwelle-foundation.com\/de\/"},{"@type":"ListItem","position":2,"name":"Programme","item":"https:\/\/westerwelle-foundation.com\/de\/programmes\/"},{"@type":"ListItem","position":3,"name":"Young Founders-Programm"}]},{"@type":"WebSite","@id":"https:\/\/westerwelle-foundation.com\/de\/#website","url":"https:\/\/westerwelle-foundation.com\/de\/","name":"Westerwelle Foundation","description":"For International Understanding","publisher":{"@id":"https:\/\/westerwelle-foundation.com\/de\/#organization"},"potentialAction":[{"@type":"SearchAction","target":{"@type":"EntryPoint","urlTemplate":"https:\/\/westerwelle-foundation.com\/de\/?s={search_term_string}"},"query-input":{"@type":"PropertyValueSpecification","valueRequired":true,"valueName":"search_term_string"}}],"inLanguage":"de"},{"@type":"Organization","@id":"https:\/\/westerwelle-foundation.com\/de\/#organization","name":"Westerwelle Foundation","url":"https:\/\/westerwelle-foundation.com\/de\/","logo":{"@type":"ImageObject","inLanguage":"de","@id":"https:\/\/westerwelle-foundation.com\/de\/#\/schema\/logo\/image\/","url":"https:\/\/westerwelle-foundation.com\/de\/wp-content\/uploads\/sites\/2\/2021\/03\/WW-Foundation-Logo_RGB_E.png","contentUrl":"https:\/\/westerwelle-foundation.com\/de\/wp-content\/uploads\/sites\/2\/2021\/03\/WW-Foundation-Logo_RGB_E.png","width":1250,"height":500,"caption":"Westerwelle Foundation"},"image":{"@id":"https:\/\/westerwelle-foundation.com\/de\/#\/schema\/logo\/image\/"}}]}},"_links":{"self":[{"href":"https:\/\/westerwelle-foundation.com\/de\/wp-json\/wp\/v2\/pages\/3541","targetHints":{"allow":["GET"]}}],"collection":[{"href":"https:\/\/westerwelle-foundation.com\/de\/wp-json\/wp\/v2\/pages"}],"about":[{"href":"https:\/\/westerwelle-foundation.com\/de\/wp-json\/wp\/v2\/types\/page"}],"author":[{"embeddable":true,"href":"https:\/\/westerwelle-foundation.com\/de\/wp-json\/wp\/v2\/users\/1"}],"replies":[{"embeddable":true,"href":"https:\/\/westerwelle-foundation.com\/de\/wp-json\/wp\/v2\/comments?post=3541"}],"version-history":[{"count":0,"href":"https:\/\/westerwelle-foundation.com\/de\/wp-json\/wp\/v2\/pages\/3541\/revisions"}],"up":[{"embeddable":true,"href":"https:\/\/westerwelle-foundation.com\/de\/wp-json\/wp\/v2\/pages\/3409"}],"wp:attachment":[{"href":"https:\/\/westerwelle-foundation.com\/de\/wp-json\/wp\/v2\/media?parent=3541"}],"curies":[{"name":"wp","href":"https:\/\/api.w.org\/{rel}","templated":true}]}}