{"id":5427,"date":"2024-01-09T18:01:35","date_gmt":"2024-01-09T18:01:35","guid":{"rendered":"https:\/\/westerwelle-foundation.com\/de\/?page_id=5427"},"modified":"2026-03-05T10:11:52","modified_gmt":"2026-03-05T10:11:52","slug":"shield-foerderprogramm","status":"publish","type":"page","link":"https:\/\/westerwelle-foundation.com\/de\/programmes\/shield-foerderprogramm\/","title":{"rendered":"SHIELD F\u00f6rderprogramm"},"content":{"rendered":"","protected":false},"excerpt":{"rendered":"<p>Die Ziele des Programms sind zum einen die Unterst\u00fctzung tunesischer Startups bei der St\u00e4rkung ihrer Compliance- und Integrit\u00e4tsmechanismen, die F\u00f6rderung der Produktvalidierung und der Zugang zu gr\u00f6\u00dferen M\u00e4rkten, und zum anderen die F\u00f6rderung von Partnerschaften zwischen Startups und Institutionen des \u00f6ffentlichen Sektors.<\/p>\n","protected":false},"author":9,"featured_media":0,"parent":3409,"menu_order":0,"comment_status":"closed","ping_status":"closed","template":"","meta":{"footnotes":""},"class_list":["post-5427","page","type-page","status-publish","hentry"],"yoast_head":"<!-- This site is optimized with the Yoast SEO plugin v27.1.1 - https:\/\/yoast.com\/product\/yoast-seo-wordpress\/ -->\n<title>Westerwelle Foundation - SHIELD F\u00f6rderprogramm<\/title>\n<meta name=\"description\" content=\"Die Ziele des Programms sind zum einen die Unterst\u00fctzung tunesischer Startups bei der St\u00e4rkung ihrer Compliance- und Integrit\u00e4tsmechanismen, die F\u00f6rderung der Produktvalidierung und der Zugang zu gr\u00f6\u00dferen M\u00e4rkten, und zum anderen die F\u00f6rderung von Partnerschaften zwischen Startups und Institutionen des \u00f6ffentlichen Sektors.\" \/>\n<meta name=\"robots\" content=\"index, follow, max-snippet:-1, max-image-preview:large, max-video-preview:-1\" \/>\n<link rel=\"canonical\" href=\"https:\/\/westerwelle-foundation.com\/de\/programmes\/shield-foerderprogramm\/\" \/>\n<meta property=\"og:locale\" content=\"de_DE\" \/>\n<meta property=\"og:type\" content=\"article\" \/>\n<meta property=\"og:title\" content=\"Westerwelle Foundation - SHIELD F\u00f6rderprogramm\" \/>\n<meta property=\"og:description\" content=\"Die Ziele des Programms sind zum einen die Unterst\u00fctzung tunesischer Startups bei der St\u00e4rkung ihrer Compliance- und Integrit\u00e4tsmechanismen, die F\u00f6rderung der Produktvalidierung und der Zugang zu gr\u00f6\u00dferen M\u00e4rkten, und zum anderen die F\u00f6rderung von Partnerschaften zwischen Startups und Institutionen des \u00f6ffentlichen Sektors.\" \/>\n<meta property=\"og:url\" content=\"https:\/\/westerwelle-foundation.com\/de\/programmes\/shield-foerderprogramm\/\" \/>\n<meta property=\"og:site_name\" content=\"Westerwelle Foundation\" \/>\n<meta property=\"article:modified_time\" content=\"2026-03-05T10:11:52+00:00\" \/>\n<meta name=\"twitter:card\" content=\"summary_large_image\" \/>\n<script type=\"application\/ld+json\" class=\"yoast-schema-graph\">{\"@context\":\"https:\/\/schema.org\",\"@graph\":[{\"@type\":\"WebPage\",\"@id\":\"https:\/\/westerwelle-foundation.com\/de\/programmes\/shield-foerderprogramm\/\",\"url\":\"https:\/\/westerwelle-foundation.com\/de\/programmes\/shield-foerderprogramm\/\",\"name\":\"Westerwelle Foundation - SHIELD F\u00f6rderprogramm\",\"isPartOf\":{\"@id\":\"https:\/\/westerwelle-foundation.com\/de\/#website\"},\"datePublished\":\"2024-01-09T18:01:35+00:00\",\"dateModified\":\"2026-03-05T10:11:52+00:00\",\"description\":\"Die Ziele des Programms sind zum einen die Unterst\u00fctzung tunesischer Startups bei der St\u00e4rkung ihrer Compliance- und Integrit\u00e4tsmechanismen, die F\u00f6rderung der Produktvalidierung und der Zugang zu gr\u00f6\u00dferen M\u00e4rkten, und zum anderen die F\u00f6rderung von Partnerschaften zwischen Startups und Institutionen des \u00f6ffentlichen Sektors.\",\"breadcrumb\":{\"@id\":\"https:\/\/westerwelle-foundation.com\/de\/programmes\/shield-foerderprogramm\/#breadcrumb\"},\"inLanguage\":\"de\",\"potentialAction\":[{\"@type\":\"ReadAction\",\"target\":[\"https:\/\/westerwelle-foundation.com\/de\/programmes\/shield-foerderprogramm\/\"]}]},{\"@type\":\"BreadcrumbList\",\"@id\":\"https:\/\/westerwelle-foundation.com\/de\/programmes\/shield-foerderprogramm\/#breadcrumb\",\"itemListElement\":[{\"@type\":\"ListItem\",\"position\":1,\"name\":\"Home\",\"item\":\"https:\/\/westerwelle-foundation.com\/de\/\"},{\"@type\":\"ListItem\",\"position\":2,\"name\":\"Programme\",\"item\":\"https:\/\/westerwelle-foundation.com\/de\/programmes\/\"},{\"@type\":\"ListItem\",\"position\":3,\"name\":\"SHIELD F\u00f6rderprogramm\"}]},{\"@type\":\"WebSite\",\"@id\":\"https:\/\/westerwelle-foundation.com\/de\/#website\",\"url\":\"https:\/\/westerwelle-foundation.com\/de\/\",\"name\":\"Westerwelle Foundation\",\"description\":\"For International Understanding\",\"publisher\":{\"@id\":\"https:\/\/westerwelle-foundation.com\/de\/#organization\"},\"potentialAction\":[{\"@type\":\"SearchAction\",\"target\":{\"@type\":\"EntryPoint\",\"urlTemplate\":\"https:\/\/westerwelle-foundation.com\/de\/?s={search_term_string}\"},\"query-input\":{\"@type\":\"PropertyValueSpecification\",\"valueRequired\":true,\"valueName\":\"search_term_string\"}}],\"inLanguage\":\"de\"},{\"@type\":\"Organization\",\"@id\":\"https:\/\/westerwelle-foundation.com\/de\/#organization\",\"name\":\"Westerwelle Foundation\",\"url\":\"https:\/\/westerwelle-foundation.com\/de\/\",\"logo\":{\"@type\":\"ImageObject\",\"inLanguage\":\"de\",\"@id\":\"https:\/\/westerwelle-foundation.com\/de\/#\/schema\/logo\/image\/\",\"url\":\"https:\/\/westerwelle-foundation.com\/de\/wp-content\/uploads\/sites\/2\/2021\/03\/WW-Foundation-Logo_RGB_E.png\",\"contentUrl\":\"https:\/\/westerwelle-foundation.com\/de\/wp-content\/uploads\/sites\/2\/2021\/03\/WW-Foundation-Logo_RGB_E.png\",\"width\":1250,\"height\":500,\"caption\":\"Westerwelle Foundation\"},\"image\":{\"@id\":\"https:\/\/westerwelle-foundation.com\/de\/#\/schema\/logo\/image\/\"}}]}<\/script>\n<!-- \/ Yoast SEO plugin. -->","yoast_head_json":{"title":"Westerwelle Foundation - SHIELD F\u00f6rderprogramm","description":"Die Ziele des Programms sind zum einen die Unterst\u00fctzung tunesischer Startups bei der St\u00e4rkung ihrer Compliance- und Integrit\u00e4tsmechanismen, die F\u00f6rderung der Produktvalidierung und der Zugang zu gr\u00f6\u00dferen M\u00e4rkten, und zum anderen die F\u00f6rderung von Partnerschaften zwischen Startups und Institutionen des \u00f6ffentlichen Sektors.","robots":{"index":"index","follow":"follow","max-snippet":"max-snippet:-1","max-image-preview":"max-image-preview:large","max-video-preview":"max-video-preview:-1"},"canonical":"https:\/\/westerwelle-foundation.com\/de\/programmes\/shield-foerderprogramm\/","og_locale":"de_DE","og_type":"article","og_title":"Westerwelle Foundation - SHIELD F\u00f6rderprogramm","og_description":"Die Ziele des Programms sind zum einen die Unterst\u00fctzung tunesischer Startups bei der St\u00e4rkung ihrer Compliance- und Integrit\u00e4tsmechanismen, die F\u00f6rderung der Produktvalidierung und der Zugang zu gr\u00f6\u00dferen M\u00e4rkten, und zum anderen die F\u00f6rderung von Partnerschaften zwischen Startups und Institutionen des \u00f6ffentlichen Sektors.","og_url":"https:\/\/westerwelle-foundation.com\/de\/programmes\/shield-foerderprogramm\/","og_site_name":"Westerwelle Foundation","article_modified_time":"2026-03-05T10:11:52+00:00","twitter_card":"summary_large_image","schema":{"@context":"https:\/\/schema.org","@graph":[{"@type":"WebPage","@id":"https:\/\/westerwelle-foundation.com\/de\/programmes\/shield-foerderprogramm\/","url":"https:\/\/westerwelle-foundation.com\/de\/programmes\/shield-foerderprogramm\/","name":"Westerwelle Foundation - SHIELD F\u00f6rderprogramm","isPartOf":{"@id":"https:\/\/westerwelle-foundation.com\/de\/#website"},"datePublished":"2024-01-09T18:01:35+00:00","dateModified":"2026-03-05T10:11:52+00:00","description":"Die Ziele des Programms sind zum einen die Unterst\u00fctzung tunesischer Startups bei der St\u00e4rkung ihrer Compliance- und Integrit\u00e4tsmechanismen, die F\u00f6rderung der Produktvalidierung und der Zugang zu gr\u00f6\u00dferen M\u00e4rkten, und zum anderen die F\u00f6rderung von Partnerschaften zwischen Startups und Institutionen des \u00f6ffentlichen Sektors.","breadcrumb":{"@id":"https:\/\/westerwelle-foundation.com\/de\/programmes\/shield-foerderprogramm\/#breadcrumb"},"inLanguage":"de","potentialAction":[{"@type":"ReadAction","target":["https:\/\/westerwelle-foundation.com\/de\/programmes\/shield-foerderprogramm\/"]}]},{"@type":"BreadcrumbList","@id":"https:\/\/westerwelle-foundation.com\/de\/programmes\/shield-foerderprogramm\/#breadcrumb","itemListElement":[{"@type":"ListItem","position":1,"name":"Home","item":"https:\/\/westerwelle-foundation.com\/de\/"},{"@type":"ListItem","position":2,"name":"Programme","item":"https:\/\/westerwelle-foundation.com\/de\/programmes\/"},{"@type":"ListItem","position":3,"name":"SHIELD F\u00f6rderprogramm"}]},{"@type":"WebSite","@id":"https:\/\/westerwelle-foundation.com\/de\/#website","url":"https:\/\/westerwelle-foundation.com\/de\/","name":"Westerwelle Foundation","description":"For International Understanding","publisher":{"@id":"https:\/\/westerwelle-foundation.com\/de\/#organization"},"potentialAction":[{"@type":"SearchAction","target":{"@type":"EntryPoint","urlTemplate":"https:\/\/westerwelle-foundation.com\/de\/?s={search_term_string}"},"query-input":{"@type":"PropertyValueSpecification","valueRequired":true,"valueName":"search_term_string"}}],"inLanguage":"de"},{"@type":"Organization","@id":"https:\/\/westerwelle-foundation.com\/de\/#organization","name":"Westerwelle Foundation","url":"https:\/\/westerwelle-foundation.com\/de\/","logo":{"@type":"ImageObject","inLanguage":"de","@id":"https:\/\/westerwelle-foundation.com\/de\/#\/schema\/logo\/image\/","url":"https:\/\/westerwelle-foundation.com\/de\/wp-content\/uploads\/sites\/2\/2021\/03\/WW-Foundation-Logo_RGB_E.png","contentUrl":"https:\/\/westerwelle-foundation.com\/de\/wp-content\/uploads\/sites\/2\/2021\/03\/WW-Foundation-Logo_RGB_E.png","width":1250,"height":500,"caption":"Westerwelle Foundation"},"image":{"@id":"https:\/\/westerwelle-foundation.com\/de\/#\/schema\/logo\/image\/"}}]}},"_links":{"self":[{"href":"https:\/\/westerwelle-foundation.com\/de\/wp-json\/wp\/v2\/pages\/5427","targetHints":{"allow":["GET"]}}],"collection":[{"href":"https:\/\/westerwelle-foundation.com\/de\/wp-json\/wp\/v2\/pages"}],"about":[{"href":"https:\/\/westerwelle-foundation.com\/de\/wp-json\/wp\/v2\/types\/page"}],"author":[{"embeddable":true,"href":"https:\/\/westerwelle-foundation.com\/de\/wp-json\/wp\/v2\/users\/9"}],"replies":[{"embeddable":true,"href":"https:\/\/westerwelle-foundation.com\/de\/wp-json\/wp\/v2\/comments?post=5427"}],"version-history":[{"count":0,"href":"https:\/\/westerwelle-foundation.com\/de\/wp-json\/wp\/v2\/pages\/5427\/revisions"}],"up":[{"embeddable":true,"href":"https:\/\/westerwelle-foundation.com\/de\/wp-json\/wp\/v2\/pages\/3409"}],"wp:attachment":[{"href":"https:\/\/westerwelle-foundation.com\/de\/wp-json\/wp\/v2\/media?parent=5427"}],"curies":[{"name":"wp","href":"https:\/\/api.w.org\/{rel}","templated":true}]}}