{"id":6142,"date":"2025-08-05T13:04:01","date_gmt":"2025-08-05T13:04:01","guid":{"rendered":"https:\/\/westerwelle-foundation.com\/de\/?page_id=6142"},"modified":"2026-03-04T14:10:08","modified_gmt":"2026-03-04T14:10:08","slug":"spenden","status":"publish","type":"page","link":"https:\/\/westerwelle-foundation.com\/de\/spenden\/","title":{"rendered":"Spenden"},"content":{"rendered":"","protected":false},"excerpt":{"rendered":"<p>Ihre Spende erm\u00f6glicht es Gr\u00fcnder:innen in Schwellenl\u00e4ndern, nachhaltige Wirkung zu erzielen.<\/p>\n","protected":false},"author":1,"featured_media":0,"parent":0,"menu_order":0,"comment_status":"closed","ping_status":"closed","template":"","meta":{"footnotes":""},"class_list":["post-6142","page","type-page","status-publish","hentry"],"yoast_head":"<!-- This site is optimized with the Yoast SEO plugin v27.1.1 - https:\/\/yoast.com\/product\/yoast-seo-wordpress\/ -->\n<title>Westerwelle Foundation - Spenden<\/title>\n<meta name=\"description\" content=\"Ihre Spende erm\u00f6glicht es Gr\u00fcnder:innen in Schwellenl\u00e4ndern, nachhaltige Wirkung zu erzielen.\" \/>\n<meta name=\"robots\" content=\"index, follow, max-snippet:-1, max-image-preview:large, max-video-preview:-1\" \/>\n<link rel=\"canonical\" href=\"https:\/\/westerwelle-foundation.com\/de\/spenden\/\" \/>\n<meta property=\"og:locale\" content=\"de_DE\" \/>\n<meta property=\"og:type\" content=\"article\" \/>\n<meta property=\"og:title\" content=\"Westerwelle Foundation - Spenden\" \/>\n<meta property=\"og:description\" content=\"Ihre Spende erm\u00f6glicht es Gr\u00fcnder:innen in Schwellenl\u00e4ndern, nachhaltige Wirkung zu erzielen.\" \/>\n<meta property=\"og:url\" content=\"https:\/\/westerwelle-foundation.com\/de\/spenden\/\" \/>\n<meta property=\"og:site_name\" content=\"Westerwelle Foundation\" \/>\n<meta property=\"article:modified_time\" content=\"2026-03-04T14:10:08+00:00\" \/>\n<meta name=\"twitter:card\" content=\"summary_large_image\" \/>\n<script type=\"application\/ld+json\" class=\"yoast-schema-graph\">{\"@context\":\"https:\/\/schema.org\",\"@graph\":[{\"@type\":\"WebPage\",\"@id\":\"https:\/\/westerwelle-foundation.com\/de\/spenden\/\",\"url\":\"https:\/\/westerwelle-foundation.com\/de\/spenden\/\",\"name\":\"Westerwelle Foundation - Spenden\",\"isPartOf\":{\"@id\":\"https:\/\/westerwelle-foundation.com\/de\/#website\"},\"datePublished\":\"2025-08-05T13:04:01+00:00\",\"dateModified\":\"2026-03-04T14:10:08+00:00\",\"description\":\"Ihre Spende erm\u00f6glicht es Gr\u00fcnder:innen in Schwellenl\u00e4ndern, nachhaltige Wirkung zu erzielen.\",\"breadcrumb\":{\"@id\":\"https:\/\/westerwelle-foundation.com\/de\/spenden\/#breadcrumb\"},\"inLanguage\":\"de\",\"potentialAction\":[{\"@type\":\"ReadAction\",\"target\":[\"https:\/\/westerwelle-foundation.com\/de\/spenden\/\"]}]},{\"@type\":\"BreadcrumbList\",\"@id\":\"https:\/\/westerwelle-foundation.com\/de\/spenden\/#breadcrumb\",\"itemListElement\":[{\"@type\":\"ListItem\",\"position\":1,\"name\":\"Home\",\"item\":\"https:\/\/westerwelle-foundation.com\/de\/\"},{\"@type\":\"ListItem\",\"position\":2,\"name\":\"Spenden\"}]},{\"@type\":\"WebSite\",\"@id\":\"https:\/\/westerwelle-foundation.com\/de\/#website\",\"url\":\"https:\/\/westerwelle-foundation.com\/de\/\",\"name\":\"Westerwelle Foundation\",\"description\":\"For International Understanding\",\"publisher\":{\"@id\":\"https:\/\/westerwelle-foundation.com\/de\/#organization\"},\"potentialAction\":[{\"@type\":\"SearchAction\",\"target\":{\"@type\":\"EntryPoint\",\"urlTemplate\":\"https:\/\/westerwelle-foundation.com\/de\/?s={search_term_string}\"},\"query-input\":{\"@type\":\"PropertyValueSpecification\",\"valueRequired\":true,\"valueName\":\"search_term_string\"}}],\"inLanguage\":\"de\"},{\"@type\":\"Organization\",\"@id\":\"https:\/\/westerwelle-foundation.com\/de\/#organization\",\"name\":\"Westerwelle Foundation\",\"url\":\"https:\/\/westerwelle-foundation.com\/de\/\",\"logo\":{\"@type\":\"ImageObject\",\"inLanguage\":\"de\",\"@id\":\"https:\/\/westerwelle-foundation.com\/de\/#\/schema\/logo\/image\/\",\"url\":\"https:\/\/westerwelle-foundation.com\/de\/wp-content\/uploads\/sites\/2\/2021\/03\/WW-Foundation-Logo_RGB_E.png\",\"contentUrl\":\"https:\/\/westerwelle-foundation.com\/de\/wp-content\/uploads\/sites\/2\/2021\/03\/WW-Foundation-Logo_RGB_E.png\",\"width\":1250,\"height\":500,\"caption\":\"Westerwelle Foundation\"},\"image\":{\"@id\":\"https:\/\/westerwelle-foundation.com\/de\/#\/schema\/logo\/image\/\"}}]}<\/script>\n<!-- \/ Yoast SEO plugin. -->","yoast_head_json":{"title":"Westerwelle Foundation - Spenden","description":"Ihre Spende erm\u00f6glicht es Gr\u00fcnder:innen in Schwellenl\u00e4ndern, nachhaltige Wirkung zu erzielen.","robots":{"index":"index","follow":"follow","max-snippet":"max-snippet:-1","max-image-preview":"max-image-preview:large","max-video-preview":"max-video-preview:-1"},"canonical":"https:\/\/westerwelle-foundation.com\/de\/spenden\/","og_locale":"de_DE","og_type":"article","og_title":"Westerwelle Foundation - Spenden","og_description":"Ihre Spende erm\u00f6glicht es Gr\u00fcnder:innen in Schwellenl\u00e4ndern, nachhaltige Wirkung zu erzielen.","og_url":"https:\/\/westerwelle-foundation.com\/de\/spenden\/","og_site_name":"Westerwelle Foundation","article_modified_time":"2026-03-04T14:10:08+00:00","twitter_card":"summary_large_image","schema":{"@context":"https:\/\/schema.org","@graph":[{"@type":"WebPage","@id":"https:\/\/westerwelle-foundation.com\/de\/spenden\/","url":"https:\/\/westerwelle-foundation.com\/de\/spenden\/","name":"Westerwelle Foundation - Spenden","isPartOf":{"@id":"https:\/\/westerwelle-foundation.com\/de\/#website"},"datePublished":"2025-08-05T13:04:01+00:00","dateModified":"2026-03-04T14:10:08+00:00","description":"Ihre Spende erm\u00f6glicht es Gr\u00fcnder:innen in Schwellenl\u00e4ndern, nachhaltige Wirkung zu erzielen.","breadcrumb":{"@id":"https:\/\/westerwelle-foundation.com\/de\/spenden\/#breadcrumb"},"inLanguage":"de","potentialAction":[{"@type":"ReadAction","target":["https:\/\/westerwelle-foundation.com\/de\/spenden\/"]}]},{"@type":"BreadcrumbList","@id":"https:\/\/westerwelle-foundation.com\/de\/spenden\/#breadcrumb","itemListElement":[{"@type":"ListItem","position":1,"name":"Home","item":"https:\/\/westerwelle-foundation.com\/de\/"},{"@type":"ListItem","position":2,"name":"Spenden"}]},{"@type":"WebSite","@id":"https:\/\/westerwelle-foundation.com\/de\/#website","url":"https:\/\/westerwelle-foundation.com\/de\/","name":"Westerwelle Foundation","description":"For International Understanding","publisher":{"@id":"https:\/\/westerwelle-foundation.com\/de\/#organization"},"potentialAction":[{"@type":"SearchAction","target":{"@type":"EntryPoint","urlTemplate":"https:\/\/westerwelle-foundation.com\/de\/?s={search_term_string}"},"query-input":{"@type":"PropertyValueSpecification","valueRequired":true,"valueName":"search_term_string"}}],"inLanguage":"de"},{"@type":"Organization","@id":"https:\/\/westerwelle-foundation.com\/de\/#organization","name":"Westerwelle Foundation","url":"https:\/\/westerwelle-foundation.com\/de\/","logo":{"@type":"ImageObject","inLanguage":"de","@id":"https:\/\/westerwelle-foundation.com\/de\/#\/schema\/logo\/image\/","url":"https:\/\/westerwelle-foundation.com\/de\/wp-content\/uploads\/sites\/2\/2021\/03\/WW-Foundation-Logo_RGB_E.png","contentUrl":"https:\/\/westerwelle-foundation.com\/de\/wp-content\/uploads\/sites\/2\/2021\/03\/WW-Foundation-Logo_RGB_E.png","width":1250,"height":500,"caption":"Westerwelle Foundation"},"image":{"@id":"https:\/\/westerwelle-foundation.com\/de\/#\/schema\/logo\/image\/"}}]}},"_links":{"self":[{"href":"https:\/\/westerwelle-foundation.com\/de\/wp-json\/wp\/v2\/pages\/6142","targetHints":{"allow":["GET"]}}],"collection":[{"href":"https:\/\/westerwelle-foundation.com\/de\/wp-json\/wp\/v2\/pages"}],"about":[{"href":"https:\/\/westerwelle-foundation.com\/de\/wp-json\/wp\/v2\/types\/page"}],"author":[{"embeddable":true,"href":"https:\/\/westerwelle-foundation.com\/de\/wp-json\/wp\/v2\/users\/1"}],"replies":[{"embeddable":true,"href":"https:\/\/westerwelle-foundation.com\/de\/wp-json\/wp\/v2\/comments?post=6142"}],"version-history":[{"count":0,"href":"https:\/\/westerwelle-foundation.com\/de\/wp-json\/wp\/v2\/pages\/6142\/revisions"}],"wp:attachment":[{"href":"https:\/\/westerwelle-foundation.com\/de\/wp-json\/wp\/v2\/media?parent=6142"}],"curies":[{"name":"wp","href":"https:\/\/api.w.org\/{rel}","templated":true}]}}