{"id":3541,"date":"2021-04-08T11:22:54","date_gmt":"2021-04-08T09:22:54","guid":{"rendered":"https:\/\/westerwelle-foundation.com\/?page_id=3541"},"modified":"2026-03-04T13:30:51","modified_gmt":"2026-03-04T13:30:51","slug":"young-founders-program","status":"publish","type":"page","link":"https:\/\/westerwelle-foundation.com\/fr\/programmes\/young-founders-program\/","title":{"rendered":"Young Founders Program"},"content":{"rendered":"","protected":false},"excerpt":{"rendered":"<p>Le Programme des jeunes fondateurs est un programme d\u2019\u00e9change et d\u2019acc\u00e9l\u00e9ration de 6 mois pour les jeunes entrepreneurs exceptionnels venant des march\u00e9s \u00e9mergents.<\/p>\n","protected":false},"author":1,"featured_media":0,"parent":3409,"menu_order":0,"comment_status":"closed","ping_status":"closed","template":"","meta":{"footnotes":""},"class_list":["post-3541","page","type-page","status-publish","hentry"],"yoast_head":"<!-- This site is optimized with the Yoast SEO plugin v27.1.1 - https:\/\/yoast.com\/product\/yoast-seo-wordpress\/ -->\n<title>Westerwelle Foundation - Young Founders Program<\/title>\n<meta name=\"description\" content=\"Le Programme des jeunes fondateurs est un programme d\u2019\u00e9change et d\u2019acc\u00e9l\u00e9ration de 6 mois pour les jeunes entrepreneurs exceptionnels venant des march\u00e9s \u00e9mergents.\" \/>\n<meta name=\"robots\" content=\"index, follow, max-snippet:-1, max-image-preview:large, max-video-preview:-1\" \/>\n<link rel=\"canonical\" href=\"https:\/\/westerwelle-foundation.com\/fr\/programmes\/young-founders-program\/\" \/>\n<meta property=\"og:locale\" content=\"fr_FR\" \/>\n<meta property=\"og:type\" content=\"article\" \/>\n<meta property=\"og:title\" content=\"Westerwelle Foundation - Young Founders Program\" \/>\n<meta property=\"og:description\" content=\"Le Programme des jeunes fondateurs est un programme d\u2019\u00e9change et d\u2019acc\u00e9l\u00e9ration de 6 mois pour les jeunes entrepreneurs exceptionnels venant des march\u00e9s \u00e9mergents.\" \/>\n<meta property=\"og:url\" content=\"https:\/\/westerwelle-foundation.com\/fr\/programmes\/young-founders-program\/\" \/>\n<meta property=\"og:site_name\" content=\"Westerwelle Foundation\" \/>\n<meta property=\"article:modified_time\" content=\"2026-03-04T13:30:51+00:00\" \/>\n<meta property=\"og:image\" content=\"https:\/\/westerwelle-foundation.com\/fr\/wp-content\/uploads\/sites\/3\/2021\/03\/WW-Foundation-Logo_RGB_E.png\" \/>\n\t<meta property=\"og:image:width\" content=\"1250\" \/>\n\t<meta property=\"og:image:height\" content=\"500\" \/>\n\t<meta property=\"og:image:type\" content=\"image\/png\" \/>\n<meta name=\"twitter:card\" content=\"summary_large_image\" \/>\n<script type=\"application\/ld+json\" class=\"yoast-schema-graph\">{\"@context\":\"https:\/\/schema.org\",\"@graph\":[{\"@type\":\"WebPage\",\"@id\":\"https:\/\/westerwelle-foundation.com\/fr\/programmes\/young-founders-program\/\",\"url\":\"https:\/\/westerwelle-foundation.com\/fr\/programmes\/young-founders-program\/\",\"name\":\"Westerwelle Foundation - Young Founders Program\",\"isPartOf\":{\"@id\":\"https:\/\/westerwelle-foundation.com\/fr\/#website\"},\"datePublished\":\"2021-04-08T09:22:54+00:00\",\"dateModified\":\"2026-03-04T13:30:51+00:00\",\"description\":\"Le Programme des jeunes fondateurs est un programme d\u2019\u00e9change et d\u2019acc\u00e9l\u00e9ration de 6 mois pour les jeunes entrepreneurs exceptionnels venant des march\u00e9s \u00e9mergents.\",\"breadcrumb\":{\"@id\":\"https:\/\/westerwelle-foundation.com\/fr\/programmes\/young-founders-program\/#breadcrumb\"},\"inLanguage\":\"fr-FR\",\"potentialAction\":[{\"@type\":\"ReadAction\",\"target\":[\"https:\/\/westerwelle-foundation.com\/fr\/programmes\/young-founders-program\/\"]}]},{\"@type\":\"BreadcrumbList\",\"@id\":\"https:\/\/westerwelle-foundation.com\/fr\/programmes\/young-founders-program\/#breadcrumb\",\"itemListElement\":[{\"@type\":\"ListItem\",\"position\":1,\"name\":\"Home\",\"item\":\"https:\/\/westerwelle-foundation.com\/fr\/\"},{\"@type\":\"ListItem\",\"position\":2,\"name\":\"Programmes\",\"item\":\"https:\/\/westerwelle-foundation.com\/fr\/programmes\/\"},{\"@type\":\"ListItem\",\"position\":3,\"name\":\"Young Founders Program\"}]},{\"@type\":\"WebSite\",\"@id\":\"https:\/\/westerwelle-foundation.com\/fr\/#website\",\"url\":\"https:\/\/westerwelle-foundation.com\/fr\/\",\"name\":\"Westerwelle Foundation\",\"description\":\"For International Understanding\",\"publisher\":{\"@id\":\"https:\/\/westerwelle-foundation.com\/fr\/#organization\"},\"potentialAction\":[{\"@type\":\"SearchAction\",\"target\":{\"@type\":\"EntryPoint\",\"urlTemplate\":\"https:\/\/westerwelle-foundation.com\/fr\/?s={search_term_string}\"},\"query-input\":{\"@type\":\"PropertyValueSpecification\",\"valueRequired\":true,\"valueName\":\"search_term_string\"}}],\"inLanguage\":\"fr-FR\"},{\"@type\":\"Organization\",\"@id\":\"https:\/\/westerwelle-foundation.com\/fr\/#organization\",\"name\":\"Westerwelle Foundation\",\"url\":\"https:\/\/westerwelle-foundation.com\/fr\/\",\"logo\":{\"@type\":\"ImageObject\",\"inLanguage\":\"fr-FR\",\"@id\":\"https:\/\/westerwelle-foundation.com\/fr\/#\/schema\/logo\/image\/\",\"url\":\"https:\/\/westerwelle-foundation.com\/fr\/wp-content\/uploads\/sites\/3\/2021\/03\/WW-Foundation-Logo_RGB_E.png\",\"contentUrl\":\"https:\/\/westerwelle-foundation.com\/fr\/wp-content\/uploads\/sites\/3\/2021\/03\/WW-Foundation-Logo_RGB_E.png\",\"width\":1250,\"height\":500,\"caption\":\"Westerwelle Foundation\"},\"image\":{\"@id\":\"https:\/\/westerwelle-foundation.com\/fr\/#\/schema\/logo\/image\/\"}}]}<\/script>\n<!-- \/ Yoast SEO plugin. -->","yoast_head_json":{"title":"Westerwelle Foundation - Young Founders Program","description":"Le Programme des jeunes fondateurs est un programme d\u2019\u00e9change et d\u2019acc\u00e9l\u00e9ration de 6 mois pour les jeunes entrepreneurs exceptionnels venant des march\u00e9s \u00e9mergents.","robots":{"index":"index","follow":"follow","max-snippet":"max-snippet:-1","max-image-preview":"max-image-preview:large","max-video-preview":"max-video-preview:-1"},"canonical":"https:\/\/westerwelle-foundation.com\/fr\/programmes\/young-founders-program\/","og_locale":"fr_FR","og_type":"article","og_title":"Westerwelle Foundation - Young Founders Program","og_description":"Le Programme des jeunes fondateurs est un programme d\u2019\u00e9change et d\u2019acc\u00e9l\u00e9ration de 6 mois pour les jeunes entrepreneurs exceptionnels venant des march\u00e9s \u00e9mergents.","og_url":"https:\/\/westerwelle-foundation.com\/fr\/programmes\/young-founders-program\/","og_site_name":"Westerwelle Foundation","article_modified_time":"2026-03-04T13:30:51+00:00","og_image":[{"width":1250,"height":500,"url":"https:\/\/westerwelle-foundation.com\/fr\/wp-content\/uploads\/sites\/3\/2021\/03\/WW-Foundation-Logo_RGB_E.png","type":"image\/png"}],"twitter_card":"summary_large_image","schema":{"@context":"https:\/\/schema.org","@graph":[{"@type":"WebPage","@id":"https:\/\/westerwelle-foundation.com\/fr\/programmes\/young-founders-program\/","url":"https:\/\/westerwelle-foundation.com\/fr\/programmes\/young-founders-program\/","name":"Westerwelle Foundation - Young Founders Program","isPartOf":{"@id":"https:\/\/westerwelle-foundation.com\/fr\/#website"},"datePublished":"2021-04-08T09:22:54+00:00","dateModified":"2026-03-04T13:30:51+00:00","description":"Le Programme des jeunes fondateurs est un programme d\u2019\u00e9change et d\u2019acc\u00e9l\u00e9ration de 6 mois pour les jeunes entrepreneurs exceptionnels venant des march\u00e9s \u00e9mergents.","breadcrumb":{"@id":"https:\/\/westerwelle-foundation.com\/fr\/programmes\/young-founders-program\/#breadcrumb"},"inLanguage":"fr-FR","potentialAction":[{"@type":"ReadAction","target":["https:\/\/westerwelle-foundation.com\/fr\/programmes\/young-founders-program\/"]}]},{"@type":"BreadcrumbList","@id":"https:\/\/westerwelle-foundation.com\/fr\/programmes\/young-founders-program\/#breadcrumb","itemListElement":[{"@type":"ListItem","position":1,"name":"Home","item":"https:\/\/westerwelle-foundation.com\/fr\/"},{"@type":"ListItem","position":2,"name":"Programmes","item":"https:\/\/westerwelle-foundation.com\/fr\/programmes\/"},{"@type":"ListItem","position":3,"name":"Young Founders Program"}]},{"@type":"WebSite","@id":"https:\/\/westerwelle-foundation.com\/fr\/#website","url":"https:\/\/westerwelle-foundation.com\/fr\/","name":"Westerwelle Foundation","description":"For International Understanding","publisher":{"@id":"https:\/\/westerwelle-foundation.com\/fr\/#organization"},"potentialAction":[{"@type":"SearchAction","target":{"@type":"EntryPoint","urlTemplate":"https:\/\/westerwelle-foundation.com\/fr\/?s={search_term_string}"},"query-input":{"@type":"PropertyValueSpecification","valueRequired":true,"valueName":"search_term_string"}}],"inLanguage":"fr-FR"},{"@type":"Organization","@id":"https:\/\/westerwelle-foundation.com\/fr\/#organization","name":"Westerwelle Foundation","url":"https:\/\/westerwelle-foundation.com\/fr\/","logo":{"@type":"ImageObject","inLanguage":"fr-FR","@id":"https:\/\/westerwelle-foundation.com\/fr\/#\/schema\/logo\/image\/","url":"https:\/\/westerwelle-foundation.com\/fr\/wp-content\/uploads\/sites\/3\/2021\/03\/WW-Foundation-Logo_RGB_E.png","contentUrl":"https:\/\/westerwelle-foundation.com\/fr\/wp-content\/uploads\/sites\/3\/2021\/03\/WW-Foundation-Logo_RGB_E.png","width":1250,"height":500,"caption":"Westerwelle Foundation"},"image":{"@id":"https:\/\/westerwelle-foundation.com\/fr\/#\/schema\/logo\/image\/"}}]}},"_links":{"self":[{"href":"https:\/\/westerwelle-foundation.com\/fr\/wp-json\/wp\/v2\/pages\/3541","targetHints":{"allow":["GET"]}}],"collection":[{"href":"https:\/\/westerwelle-foundation.com\/fr\/wp-json\/wp\/v2\/pages"}],"about":[{"href":"https:\/\/westerwelle-foundation.com\/fr\/wp-json\/wp\/v2\/types\/page"}],"author":[{"embeddable":true,"href":"https:\/\/westerwelle-foundation.com\/fr\/wp-json\/wp\/v2\/users\/1"}],"replies":[{"embeddable":true,"href":"https:\/\/westerwelle-foundation.com\/fr\/wp-json\/wp\/v2\/comments?post=3541"}],"version-history":[{"count":0,"href":"https:\/\/westerwelle-foundation.com\/fr\/wp-json\/wp\/v2\/pages\/3541\/revisions"}],"up":[{"embeddable":true,"href":"https:\/\/westerwelle-foundation.com\/fr\/wp-json\/wp\/v2\/pages\/3409"}],"wp:attachment":[{"href":"https:\/\/westerwelle-foundation.com\/fr\/wp-json\/wp\/v2\/media?parent=3541"}],"curies":[{"name":"wp","href":"https:\/\/api.w.org\/{rel}","templated":true}]}}