{"id":4263,"date":"2021-04-27T12:43:49","date_gmt":"2021-04-27T10:43:49","guid":{"rendered":"https:\/\/westerwelle-foundation.com\/?page_id=4263"},"modified":"2026-03-04T13:55:07","modified_gmt":"2026-03-04T13:55:07","slug":"wsh-kigali-makerspace","status":"publish","type":"page","link":"https:\/\/westerwelle-foundation.com\/fr\/locations\/wsh-kigali\/wsh-kigali-makerspace\/","title":{"rendered":"WSH Kigali Makerspace"},"content":{"rendered":"","protected":false},"excerpt":{"rendered":"<p>Le WSH Kigali Makerspace est l\u2019un des meilleurs laboratoires de fabrication et de collaboration du Rwanda o\u00f9 les innovateurs et les entrepreneurs cr\u00e9ent des prototypes industriels standard avec des outils de haute technologie tels que des d\u00e9coupeuses laser CNS, des fraisage PXB CNC, des d\u00e9coupeuses en vinyle, des machines \u00e0 broder et bien d\u2019autres.<\/p>\n","protected":false},"author":1,"featured_media":0,"parent":3491,"menu_order":0,"comment_status":"closed","ping_status":"closed","template":"","meta":{"footnotes":""},"class_list":["post-4263","page","type-page","status-publish","hentry"],"yoast_head":"<!-- This site is optimized with the Yoast SEO plugin v27.1.1 - https:\/\/yoast.com\/product\/yoast-seo-wordpress\/ -->\n<title>Westerwelle Foundation - WSH Kigali Makerspace<\/title>\n<meta name=\"description\" content=\"Le WSH Kigali Makerspace est l\u2019un des meilleurs laboratoires de fabrication et de collaboration du Rwanda o\u00f9 les innovateurs et les entrepreneurs cr\u00e9ent des prototypes industriels standard avec des outils de haute technologie tels que des d\u00e9coupeuses laser CNS, des fraisage PXB CNC, des d\u00e9coupeuses en vinyle, des machines \u00e0 broder et bien d\u2019autres.\" \/>\n<meta name=\"robots\" content=\"index, follow, max-snippet:-1, max-image-preview:large, max-video-preview:-1\" \/>\n<link rel=\"canonical\" href=\"https:\/\/westerwelle-foundation.com\/fr\/locations\/wsh-kigali\/wsh-kigali-makerspace\/\" \/>\n<meta property=\"og:locale\" content=\"fr_FR\" \/>\n<meta property=\"og:type\" content=\"article\" \/>\n<meta property=\"og:title\" content=\"Westerwelle Foundation - WSH Kigali Makerspace\" \/>\n<meta property=\"og:description\" content=\"Le WSH Kigali Makerspace est l\u2019un des meilleurs laboratoires de fabrication et de collaboration du Rwanda o\u00f9 les innovateurs et les entrepreneurs cr\u00e9ent des prototypes industriels standard avec des outils de haute technologie tels que des d\u00e9coupeuses laser CNS, des fraisage PXB CNC, des d\u00e9coupeuses en vinyle, des machines \u00e0 broder et bien d\u2019autres.\" \/>\n<meta property=\"og:url\" content=\"https:\/\/westerwelle-foundation.com\/fr\/locations\/wsh-kigali\/wsh-kigali-makerspace\/\" \/>\n<meta property=\"og:site_name\" content=\"Westerwelle Foundation\" \/>\n<meta property=\"article:modified_time\" content=\"2026-03-04T13:55:07+00:00\" \/>\n<meta property=\"og:image\" content=\"https:\/\/westerwelle-foundation.com\/fr\/wp-content\/uploads\/sites\/3\/2021\/03\/WW-Foundation-Logo_RGB_E.png\" \/>\n\t<meta property=\"og:image:width\" content=\"1250\" \/>\n\t<meta property=\"og:image:height\" content=\"500\" \/>\n\t<meta property=\"og:image:type\" content=\"image\/png\" \/>\n<meta name=\"twitter:card\" content=\"summary_large_image\" \/>\n<script type=\"application\/ld+json\" class=\"yoast-schema-graph\">{\"@context\":\"https:\/\/schema.org\",\"@graph\":[{\"@type\":\"WebPage\",\"@id\":\"https:\/\/westerwelle-foundation.com\/fr\/locations\/wsh-kigali\/wsh-kigali-makerspace\/\",\"url\":\"https:\/\/westerwelle-foundation.com\/fr\/locations\/wsh-kigali\/wsh-kigali-makerspace\/\",\"name\":\"Westerwelle Foundation - WSH Kigali Makerspace\",\"isPartOf\":{\"@id\":\"https:\/\/westerwelle-foundation.com\/fr\/#website\"},\"datePublished\":\"2021-04-27T10:43:49+00:00\",\"dateModified\":\"2026-03-04T13:55:07+00:00\",\"description\":\"Le WSH Kigali Makerspace est l\u2019un des meilleurs laboratoires de fabrication et de collaboration du Rwanda o\u00f9 les innovateurs et les entrepreneurs cr\u00e9ent des prototypes industriels standard avec des outils de haute technologie tels que des d\u00e9coupeuses laser CNS, des fraisage PXB CNC, des d\u00e9coupeuses en vinyle, des machines \u00e0 broder et bien d\u2019autres.\",\"breadcrumb\":{\"@id\":\"https:\/\/westerwelle-foundation.com\/fr\/locations\/wsh-kigali\/wsh-kigali-makerspace\/#breadcrumb\"},\"inLanguage\":\"fr-FR\",\"potentialAction\":[{\"@type\":\"ReadAction\",\"target\":[\"https:\/\/westerwelle-foundation.com\/fr\/locations\/wsh-kigali\/wsh-kigali-makerspace\/\"]}]},{\"@type\":\"BreadcrumbList\",\"@id\":\"https:\/\/westerwelle-foundation.com\/fr\/locations\/wsh-kigali\/wsh-kigali-makerspace\/#breadcrumb\",\"itemListElement\":[{\"@type\":\"ListItem\",\"position\":1,\"name\":\"Home\",\"item\":\"https:\/\/westerwelle-foundation.com\/fr\/\"},{\"@type\":\"ListItem\",\"position\":2,\"name\":\"Emplacements\",\"item\":\"https:\/\/westerwelle-foundation.com\/fr\/locations\/\"},{\"@type\":\"ListItem\",\"position\":3,\"name\":\"WSH Kigali\",\"item\":\"https:\/\/westerwelle-foundation.com\/fr\/locations\/wsh-kigali\/\"},{\"@type\":\"ListItem\",\"position\":4,\"name\":\"WSH Kigali Makerspace\"}]},{\"@type\":\"WebSite\",\"@id\":\"https:\/\/westerwelle-foundation.com\/fr\/#website\",\"url\":\"https:\/\/westerwelle-foundation.com\/fr\/\",\"name\":\"Westerwelle Foundation\",\"description\":\"For International Understanding\",\"publisher\":{\"@id\":\"https:\/\/westerwelle-foundation.com\/fr\/#organization\"},\"potentialAction\":[{\"@type\":\"SearchAction\",\"target\":{\"@type\":\"EntryPoint\",\"urlTemplate\":\"https:\/\/westerwelle-foundation.com\/fr\/?s={search_term_string}\"},\"query-input\":{\"@type\":\"PropertyValueSpecification\",\"valueRequired\":true,\"valueName\":\"search_term_string\"}}],\"inLanguage\":\"fr-FR\"},{\"@type\":\"Organization\",\"@id\":\"https:\/\/westerwelle-foundation.com\/fr\/#organization\",\"name\":\"Westerwelle Foundation\",\"url\":\"https:\/\/westerwelle-foundation.com\/fr\/\",\"logo\":{\"@type\":\"ImageObject\",\"inLanguage\":\"fr-FR\",\"@id\":\"https:\/\/westerwelle-foundation.com\/fr\/#\/schema\/logo\/image\/\",\"url\":\"https:\/\/westerwelle-foundation.com\/fr\/wp-content\/uploads\/sites\/3\/2021\/03\/WW-Foundation-Logo_RGB_E.png\",\"contentUrl\":\"https:\/\/westerwelle-foundation.com\/fr\/wp-content\/uploads\/sites\/3\/2021\/03\/WW-Foundation-Logo_RGB_E.png\",\"width\":1250,\"height\":500,\"caption\":\"Westerwelle Foundation\"},\"image\":{\"@id\":\"https:\/\/westerwelle-foundation.com\/fr\/#\/schema\/logo\/image\/\"}}]}<\/script>\n<!-- \/ Yoast SEO plugin. -->","yoast_head_json":{"title":"Westerwelle Foundation - WSH Kigali Makerspace","description":"Le WSH Kigali Makerspace est l\u2019un des meilleurs laboratoires de fabrication et de collaboration du Rwanda o\u00f9 les innovateurs et les entrepreneurs cr\u00e9ent des prototypes industriels standard avec des outils de haute technologie tels que des d\u00e9coupeuses laser CNS, des fraisage PXB CNC, des d\u00e9coupeuses en vinyle, des machines \u00e0 broder et bien d\u2019autres.","robots":{"index":"index","follow":"follow","max-snippet":"max-snippet:-1","max-image-preview":"max-image-preview:large","max-video-preview":"max-video-preview:-1"},"canonical":"https:\/\/westerwelle-foundation.com\/fr\/locations\/wsh-kigali\/wsh-kigali-makerspace\/","og_locale":"fr_FR","og_type":"article","og_title":"Westerwelle Foundation - WSH Kigali Makerspace","og_description":"Le WSH Kigali Makerspace est l\u2019un des meilleurs laboratoires de fabrication et de collaboration du Rwanda o\u00f9 les innovateurs et les entrepreneurs cr\u00e9ent des prototypes industriels standard avec des outils de haute technologie tels que des d\u00e9coupeuses laser CNS, des fraisage PXB CNC, des d\u00e9coupeuses en vinyle, des machines \u00e0 broder et bien d\u2019autres.","og_url":"https:\/\/westerwelle-foundation.com\/fr\/locations\/wsh-kigali\/wsh-kigali-makerspace\/","og_site_name":"Westerwelle Foundation","article_modified_time":"2026-03-04T13:55:07+00:00","og_image":[{"width":1250,"height":500,"url":"https:\/\/westerwelle-foundation.com\/fr\/wp-content\/uploads\/sites\/3\/2021\/03\/WW-Foundation-Logo_RGB_E.png","type":"image\/png"}],"twitter_card":"summary_large_image","schema":{"@context":"https:\/\/schema.org","@graph":[{"@type":"WebPage","@id":"https:\/\/westerwelle-foundation.com\/fr\/locations\/wsh-kigali\/wsh-kigali-makerspace\/","url":"https:\/\/westerwelle-foundation.com\/fr\/locations\/wsh-kigali\/wsh-kigali-makerspace\/","name":"Westerwelle Foundation - WSH Kigali Makerspace","isPartOf":{"@id":"https:\/\/westerwelle-foundation.com\/fr\/#website"},"datePublished":"2021-04-27T10:43:49+00:00","dateModified":"2026-03-04T13:55:07+00:00","description":"Le WSH Kigali Makerspace est l\u2019un des meilleurs laboratoires de fabrication et de collaboration du Rwanda o\u00f9 les innovateurs et les entrepreneurs cr\u00e9ent des prototypes industriels standard avec des outils de haute technologie tels que des d\u00e9coupeuses laser CNS, des fraisage PXB CNC, des d\u00e9coupeuses en vinyle, des machines \u00e0 broder et bien d\u2019autres.","breadcrumb":{"@id":"https:\/\/westerwelle-foundation.com\/fr\/locations\/wsh-kigali\/wsh-kigali-makerspace\/#breadcrumb"},"inLanguage":"fr-FR","potentialAction":[{"@type":"ReadAction","target":["https:\/\/westerwelle-foundation.com\/fr\/locations\/wsh-kigali\/wsh-kigali-makerspace\/"]}]},{"@type":"BreadcrumbList","@id":"https:\/\/westerwelle-foundation.com\/fr\/locations\/wsh-kigali\/wsh-kigali-makerspace\/#breadcrumb","itemListElement":[{"@type":"ListItem","position":1,"name":"Home","item":"https:\/\/westerwelle-foundation.com\/fr\/"},{"@type":"ListItem","position":2,"name":"Emplacements","item":"https:\/\/westerwelle-foundation.com\/fr\/locations\/"},{"@type":"ListItem","position":3,"name":"WSH Kigali","item":"https:\/\/westerwelle-foundation.com\/fr\/locations\/wsh-kigali\/"},{"@type":"ListItem","position":4,"name":"WSH Kigali Makerspace"}]},{"@type":"WebSite","@id":"https:\/\/westerwelle-foundation.com\/fr\/#website","url":"https:\/\/westerwelle-foundation.com\/fr\/","name":"Westerwelle Foundation","description":"For International Understanding","publisher":{"@id":"https:\/\/westerwelle-foundation.com\/fr\/#organization"},"potentialAction":[{"@type":"SearchAction","target":{"@type":"EntryPoint","urlTemplate":"https:\/\/westerwelle-foundation.com\/fr\/?s={search_term_string}"},"query-input":{"@type":"PropertyValueSpecification","valueRequired":true,"valueName":"search_term_string"}}],"inLanguage":"fr-FR"},{"@type":"Organization","@id":"https:\/\/westerwelle-foundation.com\/fr\/#organization","name":"Westerwelle Foundation","url":"https:\/\/westerwelle-foundation.com\/fr\/","logo":{"@type":"ImageObject","inLanguage":"fr-FR","@id":"https:\/\/westerwelle-foundation.com\/fr\/#\/schema\/logo\/image\/","url":"https:\/\/westerwelle-foundation.com\/fr\/wp-content\/uploads\/sites\/3\/2021\/03\/WW-Foundation-Logo_RGB_E.png","contentUrl":"https:\/\/westerwelle-foundation.com\/fr\/wp-content\/uploads\/sites\/3\/2021\/03\/WW-Foundation-Logo_RGB_E.png","width":1250,"height":500,"caption":"Westerwelle Foundation"},"image":{"@id":"https:\/\/westerwelle-foundation.com\/fr\/#\/schema\/logo\/image\/"}}]}},"_links":{"self":[{"href":"https:\/\/westerwelle-foundation.com\/fr\/wp-json\/wp\/v2\/pages\/4263","targetHints":{"allow":["GET"]}}],"collection":[{"href":"https:\/\/westerwelle-foundation.com\/fr\/wp-json\/wp\/v2\/pages"}],"about":[{"href":"https:\/\/westerwelle-foundation.com\/fr\/wp-json\/wp\/v2\/types\/page"}],"author":[{"embeddable":true,"href":"https:\/\/westerwelle-foundation.com\/fr\/wp-json\/wp\/v2\/users\/1"}],"replies":[{"embeddable":true,"href":"https:\/\/westerwelle-foundation.com\/fr\/wp-json\/wp\/v2\/comments?post=4263"}],"version-history":[{"count":0,"href":"https:\/\/westerwelle-foundation.com\/fr\/wp-json\/wp\/v2\/pages\/4263\/revisions"}],"up":[{"embeddable":true,"href":"https:\/\/westerwelle-foundation.com\/fr\/wp-json\/wp\/v2\/pages\/3491"}],"wp:attachment":[{"href":"https:\/\/westerwelle-foundation.com\/fr\/wp-json\/wp\/v2\/media?parent=4263"}],"curies":[{"name":"wp","href":"https:\/\/api.w.org\/{rel}","templated":true}]}}