{"id":4571,"date":"2022-02-11T11:39:44","date_gmt":"2022-02-11T11:39:44","guid":{"rendered":"https:\/\/westerwelle-foundation.com\/fr\/?page_id=4571"},"modified":"2026-03-04T14:03:31","modified_gmt":"2026-03-04T14:03:31","slug":"impact","status":"publish","type":"page","link":"https:\/\/westerwelle-foundation.com\/fr\/impact\/","title":{"rendered":"Impact"},"content":{"rendered":"","protected":false},"excerpt":{"rendered":"<p>Nous nous engageons \u00e0 mesurer et \u00e0 rendre compte de notre impact chaque ann\u00e9e. Vous trouverez ici nos rapports d\u2019impact annuels, qui mettent en \u00e9vidence les progr\u00e8s que nous avons r\u00e9alis\u00e9s vers nos objectifs et les r\u00e9sultats positifs que nous avons obtenus pour les entrepreneurs et les communaut\u00e9s. <\/p>\n","protected":false},"author":1,"featured_media":0,"parent":0,"menu_order":0,"comment_status":"closed","ping_status":"closed","template":"","meta":{"footnotes":""},"class_list":["post-4571","page","type-page","status-publish","hentry"],"yoast_head":"<!-- This site is optimized with the Yoast SEO plugin v27.1.1 - https:\/\/yoast.com\/product\/yoast-seo-wordpress\/ -->\n<title>Westerwelle Foundation - Impact<\/title>\n<meta name=\"description\" content=\"Nous nous engageons \u00e0 mesurer et \u00e0 rendre compte de notre impact chaque ann\u00e9e. Vous trouverez ici nos rapports d\u2019impact annuels, qui mettent en \u00e9vidence les progr\u00e8s que nous avons r\u00e9alis\u00e9s vers nos objectifs et les r\u00e9sultats positifs que nous avons obtenus pour les entrepreneurs et les communaut\u00e9s.\" \/>\n<meta name=\"robots\" content=\"index, follow, max-snippet:-1, max-image-preview:large, max-video-preview:-1\" \/>\n<link rel=\"canonical\" href=\"https:\/\/westerwelle-foundation.com\/fr\/impact\/\" \/>\n<meta property=\"og:locale\" content=\"fr_FR\" \/>\n<meta property=\"og:type\" content=\"article\" \/>\n<meta property=\"og:title\" content=\"Westerwelle Foundation - Impact\" \/>\n<meta property=\"og:description\" content=\"Nous nous engageons \u00e0 mesurer et \u00e0 rendre compte de notre impact chaque ann\u00e9e. Vous trouverez ici nos rapports d\u2019impact annuels, qui mettent en \u00e9vidence les progr\u00e8s que nous avons r\u00e9alis\u00e9s vers nos objectifs et les r\u00e9sultats positifs que nous avons obtenus pour les entrepreneurs et les communaut\u00e9s.\" \/>\n<meta property=\"og:url\" content=\"https:\/\/westerwelle-foundation.com\/fr\/impact\/\" \/>\n<meta property=\"og:site_name\" content=\"Westerwelle Foundation\" \/>\n<meta property=\"article:modified_time\" content=\"2026-03-04T14:03:31+00:00\" \/>\n<meta property=\"og:image\" content=\"https:\/\/westerwelle-foundation.com\/fr\/wp-content\/uploads\/sites\/3\/2021\/03\/WW-Foundation-Logo_RGB_E.png\" \/>\n\t<meta property=\"og:image:width\" content=\"1250\" \/>\n\t<meta property=\"og:image:height\" content=\"500\" \/>\n\t<meta property=\"og:image:type\" content=\"image\/png\" \/>\n<meta name=\"twitter:card\" content=\"summary_large_image\" \/>\n<script type=\"application\/ld+json\" class=\"yoast-schema-graph\">{\"@context\":\"https:\/\/schema.org\",\"@graph\":[{\"@type\":\"WebPage\",\"@id\":\"https:\/\/westerwelle-foundation.com\/fr\/impact\/\",\"url\":\"https:\/\/westerwelle-foundation.com\/fr\/impact\/\",\"name\":\"Westerwelle Foundation - Impact\",\"isPartOf\":{\"@id\":\"https:\/\/westerwelle-foundation.com\/fr\/#website\"},\"datePublished\":\"2022-02-11T11:39:44+00:00\",\"dateModified\":\"2026-03-04T14:03:31+00:00\",\"description\":\"Nous nous engageons \u00e0 mesurer et \u00e0 rendre compte de notre impact chaque ann\u00e9e. Vous trouverez ici nos rapports d\u2019impact annuels, qui mettent en \u00e9vidence les progr\u00e8s que nous avons r\u00e9alis\u00e9s vers nos objectifs et les r\u00e9sultats positifs que nous avons obtenus pour les entrepreneurs et les communaut\u00e9s.\",\"breadcrumb\":{\"@id\":\"https:\/\/westerwelle-foundation.com\/fr\/impact\/#breadcrumb\"},\"inLanguage\":\"fr-FR\",\"potentialAction\":[{\"@type\":\"ReadAction\",\"target\":[\"https:\/\/westerwelle-foundation.com\/fr\/impact\/\"]}]},{\"@type\":\"BreadcrumbList\",\"@id\":\"https:\/\/westerwelle-foundation.com\/fr\/impact\/#breadcrumb\",\"itemListElement\":[{\"@type\":\"ListItem\",\"position\":1,\"name\":\"Home\",\"item\":\"https:\/\/westerwelle-foundation.com\/fr\/\"},{\"@type\":\"ListItem\",\"position\":2,\"name\":\"Impact\"}]},{\"@type\":\"WebSite\",\"@id\":\"https:\/\/westerwelle-foundation.com\/fr\/#website\",\"url\":\"https:\/\/westerwelle-foundation.com\/fr\/\",\"name\":\"Westerwelle Foundation\",\"description\":\"For International Understanding\",\"publisher\":{\"@id\":\"https:\/\/westerwelle-foundation.com\/fr\/#organization\"},\"potentialAction\":[{\"@type\":\"SearchAction\",\"target\":{\"@type\":\"EntryPoint\",\"urlTemplate\":\"https:\/\/westerwelle-foundation.com\/fr\/?s={search_term_string}\"},\"query-input\":{\"@type\":\"PropertyValueSpecification\",\"valueRequired\":true,\"valueName\":\"search_term_string\"}}],\"inLanguage\":\"fr-FR\"},{\"@type\":\"Organization\",\"@id\":\"https:\/\/westerwelle-foundation.com\/fr\/#organization\",\"name\":\"Westerwelle Foundation\",\"url\":\"https:\/\/westerwelle-foundation.com\/fr\/\",\"logo\":{\"@type\":\"ImageObject\",\"inLanguage\":\"fr-FR\",\"@id\":\"https:\/\/westerwelle-foundation.com\/fr\/#\/schema\/logo\/image\/\",\"url\":\"https:\/\/westerwelle-foundation.com\/fr\/wp-content\/uploads\/sites\/3\/2021\/03\/WW-Foundation-Logo_RGB_E.png\",\"contentUrl\":\"https:\/\/westerwelle-foundation.com\/fr\/wp-content\/uploads\/sites\/3\/2021\/03\/WW-Foundation-Logo_RGB_E.png\",\"width\":1250,\"height\":500,\"caption\":\"Westerwelle Foundation\"},\"image\":{\"@id\":\"https:\/\/westerwelle-foundation.com\/fr\/#\/schema\/logo\/image\/\"}}]}<\/script>\n<!-- \/ Yoast SEO plugin. -->","yoast_head_json":{"title":"Westerwelle Foundation - Impact","description":"Nous nous engageons \u00e0 mesurer et \u00e0 rendre compte de notre impact chaque ann\u00e9e. Vous trouverez ici nos rapports d\u2019impact annuels, qui mettent en \u00e9vidence les progr\u00e8s que nous avons r\u00e9alis\u00e9s vers nos objectifs et les r\u00e9sultats positifs que nous avons obtenus pour les entrepreneurs et les communaut\u00e9s.","robots":{"index":"index","follow":"follow","max-snippet":"max-snippet:-1","max-image-preview":"max-image-preview:large","max-video-preview":"max-video-preview:-1"},"canonical":"https:\/\/westerwelle-foundation.com\/fr\/impact\/","og_locale":"fr_FR","og_type":"article","og_title":"Westerwelle Foundation - Impact","og_description":"Nous nous engageons \u00e0 mesurer et \u00e0 rendre compte de notre impact chaque ann\u00e9e. Vous trouverez ici nos rapports d\u2019impact annuels, qui mettent en \u00e9vidence les progr\u00e8s que nous avons r\u00e9alis\u00e9s vers nos objectifs et les r\u00e9sultats positifs que nous avons obtenus pour les entrepreneurs et les communaut\u00e9s.","og_url":"https:\/\/westerwelle-foundation.com\/fr\/impact\/","og_site_name":"Westerwelle Foundation","article_modified_time":"2026-03-04T14:03:31+00:00","og_image":[{"width":1250,"height":500,"url":"https:\/\/westerwelle-foundation.com\/fr\/wp-content\/uploads\/sites\/3\/2021\/03\/WW-Foundation-Logo_RGB_E.png","type":"image\/png"}],"twitter_card":"summary_large_image","schema":{"@context":"https:\/\/schema.org","@graph":[{"@type":"WebPage","@id":"https:\/\/westerwelle-foundation.com\/fr\/impact\/","url":"https:\/\/westerwelle-foundation.com\/fr\/impact\/","name":"Westerwelle Foundation - Impact","isPartOf":{"@id":"https:\/\/westerwelle-foundation.com\/fr\/#website"},"datePublished":"2022-02-11T11:39:44+00:00","dateModified":"2026-03-04T14:03:31+00:00","description":"Nous nous engageons \u00e0 mesurer et \u00e0 rendre compte de notre impact chaque ann\u00e9e. Vous trouverez ici nos rapports d\u2019impact annuels, qui mettent en \u00e9vidence les progr\u00e8s que nous avons r\u00e9alis\u00e9s vers nos objectifs et les r\u00e9sultats positifs que nous avons obtenus pour les entrepreneurs et les communaut\u00e9s.","breadcrumb":{"@id":"https:\/\/westerwelle-foundation.com\/fr\/impact\/#breadcrumb"},"inLanguage":"fr-FR","potentialAction":[{"@type":"ReadAction","target":["https:\/\/westerwelle-foundation.com\/fr\/impact\/"]}]},{"@type":"BreadcrumbList","@id":"https:\/\/westerwelle-foundation.com\/fr\/impact\/#breadcrumb","itemListElement":[{"@type":"ListItem","position":1,"name":"Home","item":"https:\/\/westerwelle-foundation.com\/fr\/"},{"@type":"ListItem","position":2,"name":"Impact"}]},{"@type":"WebSite","@id":"https:\/\/westerwelle-foundation.com\/fr\/#website","url":"https:\/\/westerwelle-foundation.com\/fr\/","name":"Westerwelle Foundation","description":"For International Understanding","publisher":{"@id":"https:\/\/westerwelle-foundation.com\/fr\/#organization"},"potentialAction":[{"@type":"SearchAction","target":{"@type":"EntryPoint","urlTemplate":"https:\/\/westerwelle-foundation.com\/fr\/?s={search_term_string}"},"query-input":{"@type":"PropertyValueSpecification","valueRequired":true,"valueName":"search_term_string"}}],"inLanguage":"fr-FR"},{"@type":"Organization","@id":"https:\/\/westerwelle-foundation.com\/fr\/#organization","name":"Westerwelle Foundation","url":"https:\/\/westerwelle-foundation.com\/fr\/","logo":{"@type":"ImageObject","inLanguage":"fr-FR","@id":"https:\/\/westerwelle-foundation.com\/fr\/#\/schema\/logo\/image\/","url":"https:\/\/westerwelle-foundation.com\/fr\/wp-content\/uploads\/sites\/3\/2021\/03\/WW-Foundation-Logo_RGB_E.png","contentUrl":"https:\/\/westerwelle-foundation.com\/fr\/wp-content\/uploads\/sites\/3\/2021\/03\/WW-Foundation-Logo_RGB_E.png","width":1250,"height":500,"caption":"Westerwelle Foundation"},"image":{"@id":"https:\/\/westerwelle-foundation.com\/fr\/#\/schema\/logo\/image\/"}}]}},"_links":{"self":[{"href":"https:\/\/westerwelle-foundation.com\/fr\/wp-json\/wp\/v2\/pages\/4571","targetHints":{"allow":["GET"]}}],"collection":[{"href":"https:\/\/westerwelle-foundation.com\/fr\/wp-json\/wp\/v2\/pages"}],"about":[{"href":"https:\/\/westerwelle-foundation.com\/fr\/wp-json\/wp\/v2\/types\/page"}],"author":[{"embeddable":true,"href":"https:\/\/westerwelle-foundation.com\/fr\/wp-json\/wp\/v2\/users\/1"}],"replies":[{"embeddable":true,"href":"https:\/\/westerwelle-foundation.com\/fr\/wp-json\/wp\/v2\/comments?post=4571"}],"version-history":[{"count":0,"href":"https:\/\/westerwelle-foundation.com\/fr\/wp-json\/wp\/v2\/pages\/4571\/revisions"}],"wp:attachment":[{"href":"https:\/\/westerwelle-foundation.com\/fr\/wp-json\/wp\/v2\/media?parent=4571"}],"curies":[{"name":"wp","href":"https:\/\/api.w.org\/{rel}","templated":true}]}}