{"id":5250,"date":"2024-01-11T09:53:18","date_gmt":"2024-01-11T09:53:18","guid":{"rendered":"https:\/\/westerwelle-foundation.com\/fr\/?page_id=5250"},"modified":"2026-03-05T10:12:17","modified_gmt":"2026-03-05T10:12:17","slug":"shield-support-program","status":"publish","type":"page","link":"https:\/\/westerwelle-foundation.com\/fr\/programmes\/shield-support-program\/","title":{"rendered":"Shield Support Program"},"content":{"rendered":"","protected":false},"excerpt":{"rendered":"<p>Les objectifs du programme sont tout d\u2019abord d\u2019aider les start-ups tunisiennes \u00e0 renforcer leurs m\u00e9canismes de conformit\u00e9 et d\u2019int\u00e9grit\u00e9, \u00e0 valider leurs produits et \u00e0 acc\u00e9der \u00e0 des march\u00e9s plus vastes. Deuxi\u00e8mement, il vise \u00e0 faciliter les partenariats entre les start-ups et les institutions du secteur public.<\/p>\n","protected":false},"author":9,"featured_media":0,"parent":3409,"menu_order":0,"comment_status":"closed","ping_status":"closed","template":"","meta":{"footnotes":""},"class_list":["post-5250","page","type-page","status-publish","hentry"],"yoast_head":"<!-- This site is optimized with the Yoast SEO plugin v27.1.1 - https:\/\/yoast.com\/product\/yoast-seo-wordpress\/ -->\n<title>Westerwelle Foundation - Shield Support Program<\/title>\n<meta name=\"description\" content=\"Les objectifs du programme sont tout d\u2019abord d\u2019aider les start-ups tunisiennes \u00e0 renforcer leurs m\u00e9canismes de conformit\u00e9 et d\u2019int\u00e9grit\u00e9, \u00e0 valider leurs produits et \u00e0 acc\u00e9der \u00e0 des march\u00e9s plus vastes. Deuxi\u00e8mement, il vise \u00e0 faciliter les partenariats entre les start-ups et les institutions du secteur public.\" \/>\n<meta name=\"robots\" content=\"index, follow, max-snippet:-1, max-image-preview:large, max-video-preview:-1\" \/>\n<link rel=\"canonical\" href=\"https:\/\/westerwelle-foundation.com\/fr\/programmes\/shield-support-program\/\" \/>\n<meta property=\"og:locale\" content=\"fr_FR\" \/>\n<meta property=\"og:type\" content=\"article\" \/>\n<meta property=\"og:title\" content=\"Westerwelle Foundation - Shield Support Program\" \/>\n<meta property=\"og:description\" content=\"Les objectifs du programme sont tout d\u2019abord d\u2019aider les start-ups tunisiennes \u00e0 renforcer leurs m\u00e9canismes de conformit\u00e9 et d\u2019int\u00e9grit\u00e9, \u00e0 valider leurs produits et \u00e0 acc\u00e9der \u00e0 des march\u00e9s plus vastes. Deuxi\u00e8mement, il vise \u00e0 faciliter les partenariats entre les start-ups et les institutions du secteur public.\" \/>\n<meta property=\"og:url\" content=\"https:\/\/westerwelle-foundation.com\/fr\/programmes\/shield-support-program\/\" \/>\n<meta property=\"og:site_name\" content=\"Westerwelle Foundation\" \/>\n<meta property=\"article:modified_time\" content=\"2026-03-05T10:12:17+00:00\" \/>\n<meta property=\"og:image\" content=\"https:\/\/westerwelle-foundation.com\/fr\/wp-content\/uploads\/sites\/3\/2021\/03\/WW-Foundation-Logo_RGB_E.png\" \/>\n\t<meta property=\"og:image:width\" content=\"1250\" \/>\n\t<meta property=\"og:image:height\" content=\"500\" \/>\n\t<meta property=\"og:image:type\" content=\"image\/png\" \/>\n<meta name=\"twitter:card\" content=\"summary_large_image\" \/>\n<script type=\"application\/ld+json\" class=\"yoast-schema-graph\">{\"@context\":\"https:\/\/schema.org\",\"@graph\":[{\"@type\":\"WebPage\",\"@id\":\"https:\/\/westerwelle-foundation.com\/fr\/programmes\/shield-support-program\/\",\"url\":\"https:\/\/westerwelle-foundation.com\/fr\/programmes\/shield-support-program\/\",\"name\":\"Westerwelle Foundation - Shield Support Program\",\"isPartOf\":{\"@id\":\"https:\/\/westerwelle-foundation.com\/fr\/#website\"},\"datePublished\":\"2024-01-11T09:53:18+00:00\",\"dateModified\":\"2026-03-05T10:12:17+00:00\",\"description\":\"Les objectifs du programme sont tout d\u2019abord d\u2019aider les start-ups tunisiennes \u00e0 renforcer leurs m\u00e9canismes de conformit\u00e9 et d\u2019int\u00e9grit\u00e9, \u00e0 valider leurs produits et \u00e0 acc\u00e9der \u00e0 des march\u00e9s plus vastes. Deuxi\u00e8mement, il vise \u00e0 faciliter les partenariats entre les start-ups et les institutions du secteur public.\",\"breadcrumb\":{\"@id\":\"https:\/\/westerwelle-foundation.com\/fr\/programmes\/shield-support-program\/#breadcrumb\"},\"inLanguage\":\"fr-FR\",\"potentialAction\":[{\"@type\":\"ReadAction\",\"target\":[\"https:\/\/westerwelle-foundation.com\/fr\/programmes\/shield-support-program\/\"]}]},{\"@type\":\"BreadcrumbList\",\"@id\":\"https:\/\/westerwelle-foundation.com\/fr\/programmes\/shield-support-program\/#breadcrumb\",\"itemListElement\":[{\"@type\":\"ListItem\",\"position\":1,\"name\":\"Home\",\"item\":\"https:\/\/westerwelle-foundation.com\/fr\/\"},{\"@type\":\"ListItem\",\"position\":2,\"name\":\"Programmes\",\"item\":\"https:\/\/westerwelle-foundation.com\/fr\/programmes\/\"},{\"@type\":\"ListItem\",\"position\":3,\"name\":\"Shield Support Program\"}]},{\"@type\":\"WebSite\",\"@id\":\"https:\/\/westerwelle-foundation.com\/fr\/#website\",\"url\":\"https:\/\/westerwelle-foundation.com\/fr\/\",\"name\":\"Westerwelle Foundation\",\"description\":\"For International Understanding\",\"publisher\":{\"@id\":\"https:\/\/westerwelle-foundation.com\/fr\/#organization\"},\"potentialAction\":[{\"@type\":\"SearchAction\",\"target\":{\"@type\":\"EntryPoint\",\"urlTemplate\":\"https:\/\/westerwelle-foundation.com\/fr\/?s={search_term_string}\"},\"query-input\":{\"@type\":\"PropertyValueSpecification\",\"valueRequired\":true,\"valueName\":\"search_term_string\"}}],\"inLanguage\":\"fr-FR\"},{\"@type\":\"Organization\",\"@id\":\"https:\/\/westerwelle-foundation.com\/fr\/#organization\",\"name\":\"Westerwelle Foundation\",\"url\":\"https:\/\/westerwelle-foundation.com\/fr\/\",\"logo\":{\"@type\":\"ImageObject\",\"inLanguage\":\"fr-FR\",\"@id\":\"https:\/\/westerwelle-foundation.com\/fr\/#\/schema\/logo\/image\/\",\"url\":\"https:\/\/westerwelle-foundation.com\/fr\/wp-content\/uploads\/sites\/3\/2021\/03\/WW-Foundation-Logo_RGB_E.png\",\"contentUrl\":\"https:\/\/westerwelle-foundation.com\/fr\/wp-content\/uploads\/sites\/3\/2021\/03\/WW-Foundation-Logo_RGB_E.png\",\"width\":1250,\"height\":500,\"caption\":\"Westerwelle Foundation\"},\"image\":{\"@id\":\"https:\/\/westerwelle-foundation.com\/fr\/#\/schema\/logo\/image\/\"}}]}<\/script>\n<!-- \/ Yoast SEO plugin. -->","yoast_head_json":{"title":"Westerwelle Foundation - Shield Support Program","description":"Les objectifs du programme sont tout d\u2019abord d\u2019aider les start-ups tunisiennes \u00e0 renforcer leurs m\u00e9canismes de conformit\u00e9 et d\u2019int\u00e9grit\u00e9, \u00e0 valider leurs produits et \u00e0 acc\u00e9der \u00e0 des march\u00e9s plus vastes. Deuxi\u00e8mement, il vise \u00e0 faciliter les partenariats entre les start-ups et les institutions du secteur public.","robots":{"index":"index","follow":"follow","max-snippet":"max-snippet:-1","max-image-preview":"max-image-preview:large","max-video-preview":"max-video-preview:-1"},"canonical":"https:\/\/westerwelle-foundation.com\/fr\/programmes\/shield-support-program\/","og_locale":"fr_FR","og_type":"article","og_title":"Westerwelle Foundation - Shield Support Program","og_description":"Les objectifs du programme sont tout d\u2019abord d\u2019aider les start-ups tunisiennes \u00e0 renforcer leurs m\u00e9canismes de conformit\u00e9 et d\u2019int\u00e9grit\u00e9, \u00e0 valider leurs produits et \u00e0 acc\u00e9der \u00e0 des march\u00e9s plus vastes. Deuxi\u00e8mement, il vise \u00e0 faciliter les partenariats entre les start-ups et les institutions du secteur public.","og_url":"https:\/\/westerwelle-foundation.com\/fr\/programmes\/shield-support-program\/","og_site_name":"Westerwelle Foundation","article_modified_time":"2026-03-05T10:12:17+00:00","og_image":[{"width":1250,"height":500,"url":"https:\/\/westerwelle-foundation.com\/fr\/wp-content\/uploads\/sites\/3\/2021\/03\/WW-Foundation-Logo_RGB_E.png","type":"image\/png"}],"twitter_card":"summary_large_image","schema":{"@context":"https:\/\/schema.org","@graph":[{"@type":"WebPage","@id":"https:\/\/westerwelle-foundation.com\/fr\/programmes\/shield-support-program\/","url":"https:\/\/westerwelle-foundation.com\/fr\/programmes\/shield-support-program\/","name":"Westerwelle Foundation - Shield Support Program","isPartOf":{"@id":"https:\/\/westerwelle-foundation.com\/fr\/#website"},"datePublished":"2024-01-11T09:53:18+00:00","dateModified":"2026-03-05T10:12:17+00:00","description":"Les objectifs du programme sont tout d\u2019abord d\u2019aider les start-ups tunisiennes \u00e0 renforcer leurs m\u00e9canismes de conformit\u00e9 et d\u2019int\u00e9grit\u00e9, \u00e0 valider leurs produits et \u00e0 acc\u00e9der \u00e0 des march\u00e9s plus vastes. Deuxi\u00e8mement, il vise \u00e0 faciliter les partenariats entre les start-ups et les institutions du secteur public.","breadcrumb":{"@id":"https:\/\/westerwelle-foundation.com\/fr\/programmes\/shield-support-program\/#breadcrumb"},"inLanguage":"fr-FR","potentialAction":[{"@type":"ReadAction","target":["https:\/\/westerwelle-foundation.com\/fr\/programmes\/shield-support-program\/"]}]},{"@type":"BreadcrumbList","@id":"https:\/\/westerwelle-foundation.com\/fr\/programmes\/shield-support-program\/#breadcrumb","itemListElement":[{"@type":"ListItem","position":1,"name":"Home","item":"https:\/\/westerwelle-foundation.com\/fr\/"},{"@type":"ListItem","position":2,"name":"Programmes","item":"https:\/\/westerwelle-foundation.com\/fr\/programmes\/"},{"@type":"ListItem","position":3,"name":"Shield Support Program"}]},{"@type":"WebSite","@id":"https:\/\/westerwelle-foundation.com\/fr\/#website","url":"https:\/\/westerwelle-foundation.com\/fr\/","name":"Westerwelle Foundation","description":"For International Understanding","publisher":{"@id":"https:\/\/westerwelle-foundation.com\/fr\/#organization"},"potentialAction":[{"@type":"SearchAction","target":{"@type":"EntryPoint","urlTemplate":"https:\/\/westerwelle-foundation.com\/fr\/?s={search_term_string}"},"query-input":{"@type":"PropertyValueSpecification","valueRequired":true,"valueName":"search_term_string"}}],"inLanguage":"fr-FR"},{"@type":"Organization","@id":"https:\/\/westerwelle-foundation.com\/fr\/#organization","name":"Westerwelle Foundation","url":"https:\/\/westerwelle-foundation.com\/fr\/","logo":{"@type":"ImageObject","inLanguage":"fr-FR","@id":"https:\/\/westerwelle-foundation.com\/fr\/#\/schema\/logo\/image\/","url":"https:\/\/westerwelle-foundation.com\/fr\/wp-content\/uploads\/sites\/3\/2021\/03\/WW-Foundation-Logo_RGB_E.png","contentUrl":"https:\/\/westerwelle-foundation.com\/fr\/wp-content\/uploads\/sites\/3\/2021\/03\/WW-Foundation-Logo_RGB_E.png","width":1250,"height":500,"caption":"Westerwelle Foundation"},"image":{"@id":"https:\/\/westerwelle-foundation.com\/fr\/#\/schema\/logo\/image\/"}}]}},"_links":{"self":[{"href":"https:\/\/westerwelle-foundation.com\/fr\/wp-json\/wp\/v2\/pages\/5250","targetHints":{"allow":["GET"]}}],"collection":[{"href":"https:\/\/westerwelle-foundation.com\/fr\/wp-json\/wp\/v2\/pages"}],"about":[{"href":"https:\/\/westerwelle-foundation.com\/fr\/wp-json\/wp\/v2\/types\/page"}],"author":[{"embeddable":true,"href":"https:\/\/westerwelle-foundation.com\/fr\/wp-json\/wp\/v2\/users\/9"}],"replies":[{"embeddable":true,"href":"https:\/\/westerwelle-foundation.com\/fr\/wp-json\/wp\/v2\/comments?post=5250"}],"version-history":[{"count":0,"href":"https:\/\/westerwelle-foundation.com\/fr\/wp-json\/wp\/v2\/pages\/5250\/revisions"}],"up":[{"embeddable":true,"href":"https:\/\/westerwelle-foundation.com\/fr\/wp-json\/wp\/v2\/pages\/3409"}],"wp:attachment":[{"href":"https:\/\/westerwelle-foundation.com\/fr\/wp-json\/wp\/v2\/media?parent=5250"}],"curies":[{"name":"wp","href":"https:\/\/api.w.org\/{rel}","templated":true}]}}